{"id":1752,"date":"2026-02-25T10:53:45","date_gmt":"2026-02-25T15:53:45","guid":{"rendered":"https:\/\/testudearroba.udea.edu.co\/home\/?page_id=1752"},"modified":"2026-05-08T14:17:35","modified_gmt":"2026-05-08T19:17:35","slug":"aspirantes","status":"publish","type":"page","link":"https:\/\/testudearroba.udea.edu.co\/home\/aspirantes\/","title":{"rendered":"Aspirantes"},"content":{"rendered":"\t\t<div data-elementor-type=\"wp-page\" data-elementor-id=\"1752\" class=\"elementor elementor-1752\">\n\t\t\t\t<div class=\"elementor-element elementor-element-87bfee1 e-flex e-con-boxed e-con e-parent\" data-id=\"87bfee1\" data-element_type=\"container\" data-e-type=\"container\">\n\t\t\t\t\t<div class=\"e-con-inner\">\n\t\t<div class=\"elementor-element elementor-element-b65ed32 e-con-full e-flex e-con e-child\" data-id=\"b65ed32\" data-element_type=\"container\" data-e-type=\"container\">\n\t\t\t\t<div class=\"elementor-element elementor-element-cd11a44 elementor-widget elementor-widget-heading\" data-id=\"cd11a44\" data-element_type=\"widget\" data-e-type=\"widget\" data-widget_type=\"heading.default\">\n\t\t\t\t\t<h1 class=\"elementor-heading-title elementor-size-default\">Aspirantes<\/h1>\t\t\t\t<\/div>\n\t\t\t\t<div class=\"elementor-element elementor-element-1acc400 elementor-widget elementor-widget-text-editor\" data-id=\"1acc400\" data-element_type=\"widget\" data-e-type=\"widget\" data-widget_type=\"text-editor.default\">\n\t\t\t\t\t\t\t\t\t<p>\u00a1Hola! Si est\u00e1s pensando en estudiar en la Universidad de Antioquia, aqu\u00ed en Ude@ Educaci\u00f3n Virtual te acompa\u00f1amos desde el comienzo. En esta secci\u00f3n, puedes encontrar cursos, recursos y estrategias pensadas para prepararte en distintas \u00e1reas del saber. Tambi\u00e9n, podr\u00e1s conocer la oferta acad\u00e9mica y los requisitos de ingreso que har\u00e1n que tu camino hacia la Universidad sea m\u00e1s f\u00e1cil, flexible y lleno de oportunidades para aprender a tu ritmo.<\/p>\t\t\t\t\t\t\t\t<\/div>\n\t\t\t\t<\/div>\n\t\t\t\t<div class=\"elementor-element elementor-element-77eeff0 elementor-widget elementor-widget-image\" data-id=\"77eeff0\" data-element_type=\"widget\" data-e-type=\"widget\" data-widget_type=\"image.default\">\n\t\t\t\t\t\t\t\t\t\t\t\t\t\t\t<img decoding=\"async\" src=\"https:\/\/testudearroba.udea.edu.co\/home\/wp-content\/uploads\/elementor\/thumbs\/Perfiles_Aspirantes-scaled-rn0u79x70g8q1kd9fvcih7f9j7k9z0fnjq2f3py8j8.webp\" title=\"Perfiles_Aspirantes\" alt=\"Perfiles_Aspirantes\" loading=\"lazy\" \/>\t\t\t\t\t\t\t\t\t\t\t\t\t\t\t<\/div>\n\t\t\t\t\t<\/div>\n\t\t\t\t<\/div>\n\t\t<div class=\"elementor-element elementor-element-b8afaa5 e-flex e-con-boxed e-con e-parent\" data-id=\"b8afaa5\" data-element_type=\"container\" data-e-type=\"container\">\n\t\t\t\t\t<div class=\"e-con-inner\">\n\t\t<div class=\"elementor-element elementor-element-cc77fa6 e-con-full e-flex e-con e-child\" data-id=\"cc77fa6\" data-element_type=\"container\" data-e-type=\"container\">\n\t\t\t\t<div class=\"elementor-element elementor-element-ae62e99 elementor-widget elementor-widget-image\" data-id=\"ae62e99\" data-element_type=\"widget\" data-e-type=\"widget\" data-widget_type=\"image.default\">\n\t\t\t\t\t\t\t\t\t\t\t\t\t\t\t<img fetchpriority=\"high\" decoding=\"async\" width=\"418\" height=\"471\" src=\"https:\/\/testudearroba.udea.edu.co\/home\/wp-content\/uploads\/2026\/04\/FotosSitio-05.png\" class=\"attachment-large size-large wp-image-3469\" alt=\"\" srcset=\"https:\/\/testudearroba.udea.edu.co\/home\/wp-content\/uploads\/2026\/04\/FotosSitio-05.png 418w, https:\/\/testudearroba.udea.edu.co\/home\/wp-content\/uploads\/2026\/04\/FotosSitio-05-266x300.png 266w\" sizes=\"(max-width: 418px) 100vw, 418px\" \/>\t\t\t\t\t\t\t\t\t\t\t\t\t\t\t<\/div>\n\t\t<div class=\"elementor-element elementor-element-5ecb3f0 e-con-full e-flex e-con e-child\" data-id=\"5ecb3f0\" data-element_type=\"container\" data-e-type=\"container\">\n\t\t\t\t<div class=\"elementor-element elementor-element-bf8cce5 elementor-widget elementor-widget-heading\" data-id=\"bf8cce5\" data-element_type=\"widget\" data-e-type=\"widget\" data-widget_type=\"heading.default\">\n\t\t\t\t\t<h3 class=\"elementor-heading-title elementor-size-default\">Preparaci\u00f3n para la Vida Universitaria (PPVU)<\/h3>\t\t\t\t<\/div>\n\t\t\t\t<div class=\"elementor-element elementor-element-38dc064 elementor-widget elementor-widget-text-editor\" data-id=\"38dc064\" data-element_type=\"widget\" data-e-type=\"widget\" data-widget_type=\"text-editor.default\">\n\t\t\t\t\t\t\t\t\t<p>Desde la Vicerrector\u00eda de Docencia de la Universidad de Antioquia te acompa\u00f1amos en tu camino hacia la vida universitaria. A trav\u00e9s de Ude@ Educaci\u00f3n Virtual, puedes acceder de forma gratuita a cursos en l\u00ednea sobre Competencia Lectora, Razonamiento L\u00f3gico, Orientaci\u00f3n Vocacional e Ingl\u00e9s.<br \/>Tambi\u00e9n encontrar\u00e1s contenidos que te ayudar\u00e1n a prepararte mejor, como estrategias para estudiar en la virtualidad, t\u00e9cnicas de estudio y orientaci\u00f3n profesional.<\/p>\t\t\t\t\t\t\t\t<\/div>\n\t\t\t\t<div class=\"elementor-element elementor-element-4bfbf39 elementor-widget elementor-widget-button\" data-id=\"4bfbf39\" data-element_type=\"widget\" data-e-type=\"widget\" data-widget_type=\"button.default\">\n\t\t\t\t\t\t\t\t\t\t<a class=\"elementor-button elementor-button-link elementor-size-sm\" href=\"https:\/\/testudearroba.udea.edu.co\/home\/ppvu\/\">\n\t\t\t\t\t\t<span class=\"elementor-button-content-wrapper\">\n\t\t\t\t\t\t\t\t\t<span class=\"elementor-button-text\">Ver m\u00e1s<\/span>\n\t\t\t\t\t<\/span>\n\t\t\t\t\t<\/a>\n\t\t\t\t\t\t\t\t<\/div>\n\t\t\t\t<\/div>\n\t\t\t\t<\/div>\n\t\t<div class=\"elementor-element elementor-element-fb35130 e-con-full e-flex e-con e-child\" data-id=\"fb35130\" data-element_type=\"container\" data-e-type=\"container\">\n\t\t\t\t<div class=\"elementor-element elementor-element-ce8b961 elementor-widget elementor-widget-image\" data-id=\"ce8b961\" data-element_type=\"widget\" data-e-type=\"widget\" data-widget_type=\"image.default\">\n\t\t\t\t\t\t\t\t\t\t\t\t\t\t\t<img decoding=\"async\" width=\"418\" height=\"306\" src=\"https:\/\/testudearroba.udea.edu.co\/home\/wp-content\/uploads\/2026\/04\/FotosSitio-06.png\" class=\"attachment-large size-large wp-image-3470\" alt=\"\" srcset=\"https:\/\/testudearroba.udea.edu.co\/home\/wp-content\/uploads\/2026\/04\/FotosSitio-06.png 418w, https:\/\/testudearroba.udea.edu.co\/home\/wp-content\/uploads\/2026\/04\/FotosSitio-06-300x220.png 300w\" sizes=\"(max-width: 418px) 100vw, 418px\" \/>\t\t\t\t\t\t\t\t\t\t\t\t\t\t\t<\/div>\n\t\t<div class=\"elementor-element elementor-element-47adb31 e-con-full e-flex e-con e-child\" data-id=\"47adb31\" data-element_type=\"container\" data-e-type=\"container\">\n\t\t\t\t<div class=\"elementor-element elementor-element-96992fc elementor-widget elementor-widget-heading\" data-id=\"96992fc\" data-element_type=\"widget\" data-e-type=\"widget\" data-widget_type=\"heading.default\">\n\t\t\t\t\t<h3 class=\"elementor-heading-title elementor-size-default\">Pregrados<\/h3>\t\t\t\t<\/div>\n\t\t\t\t<div class=\"elementor-element elementor-element-2465f3a elementor-widget elementor-widget-text-editor\" data-id=\"2465f3a\" data-element_type=\"widget\" data-e-type=\"widget\" data-widget_type=\"text-editor.default\">\n\t\t\t\t\t\t\t\t\t<p>Conoce los programas de pregrado que la Universidad de Antioquia te ofrece en modalidad virtual. Gracias a esta opci\u00f3n puedes estudiar con flexibilidad, sin perder la calidad acad\u00e9mica que nos caracteriza.<\/p>\t\t\t\t\t\t\t\t<\/div>\n\t\t\t\t<div class=\"elementor-element elementor-element-132edb0 elementor-widget elementor-widget-button\" data-id=\"132edb0\" data-element_type=\"widget\" data-e-type=\"widget\" data-widget_type=\"button.default\">\n\t\t\t\t\t\t\t\t\t\t<a class=\"elementor-button elementor-button-link elementor-size-sm\" href=\"https:\/\/www.udea.edu.co\/wps\/portal\/udea\/web\/inicio\/estudiar-udea\/quiero-estudiar-udea\/pregrado\">\n\t\t\t\t\t\t<span class=\"elementor-button-content-wrapper\">\n\t\t\t\t\t\t\t\t\t<span class=\"elementor-button-text\">Ver m\u00e1s<\/span>\n\t\t\t\t\t<\/span>\n\t\t\t\t\t<\/a>\n\t\t\t\t\t\t\t\t<\/div>\n\t\t\t\t<\/div>\n\t\t\t\t<\/div>\n\t\t<div class=\"elementor-element elementor-element-436dd63 e-con-full e-flex e-con e-child\" data-id=\"436dd63\" data-element_type=\"container\" data-e-type=\"container\">\n\t\t\t\t<div class=\"elementor-element elementor-element-b55b841 elementor-widget elementor-widget-image\" data-id=\"b55b841\" data-element_type=\"widget\" data-e-type=\"widget\" data-widget_type=\"image.default\">\n\t\t\t\t\t\t\t\t\t\t\t\t\t\t\t<img decoding=\"async\" width=\"415\" height=\"447\" src=\"https:\/\/testudearroba.udea.edu.co\/home\/wp-content\/uploads\/2026\/04\/FotosSitio-04.png\" class=\"attachment-large size-large wp-image-3471\" alt=\"\" srcset=\"https:\/\/testudearroba.udea.edu.co\/home\/wp-content\/uploads\/2026\/04\/FotosSitio-04.png 415w, https:\/\/testudearroba.udea.edu.co\/home\/wp-content\/uploads\/2026\/04\/FotosSitio-04-279x300.png 279w\" sizes=\"(max-width: 415px) 100vw, 415px\" \/>\t\t\t\t\t\t\t\t\t\t\t\t\t\t\t<\/div>\n\t\t<div class=\"elementor-element elementor-element-89df423 e-con-full e-flex e-con e-child\" data-id=\"89df423\" data-element_type=\"container\" data-e-type=\"container\">\n\t\t\t\t<div class=\"elementor-element elementor-element-0b4855d elementor-widget elementor-widget-heading\" data-id=\"0b4855d\" data-element_type=\"widget\" data-e-type=\"widget\" data-widget_type=\"heading.default\">\n\t\t\t\t\t<h3 class=\"elementor-heading-title elementor-size-default\">Posgrados<\/h3>\t\t\t\t<\/div>\n\t\t\t\t<div class=\"elementor-element elementor-element-b0e777d elementor-widget elementor-widget-text-editor\" data-id=\"b0e777d\" data-element_type=\"widget\" data-e-type=\"widget\" data-widget_type=\"text-editor.default\">\n\t\t\t\t\t\t\t\t\t<p>La Universidad de Antioquia tambi\u00e9n te acompa\u00f1a en tu crecimiento profesional con su oferta de posgrados en modalidad virtual.<\/p><p>Nuestros programas est\u00e1n dise\u00f1ados para\u00a0 responder a los desaf\u00edos actuales del entorno laboral y acad\u00e9mico.<\/p><p>Conoce aqu\u00ed cada uno de los posgrados virtuales y elige el que se ajusta a tus metas.<\/p>\t\t\t\t\t\t\t\t<\/div>\n\t\t\t\t<div class=\"elementor-element elementor-element-6311337 elementor-widget elementor-widget-button\" data-id=\"6311337\" data-element_type=\"widget\" data-e-type=\"widget\" data-widget_type=\"button.default\">\n\t\t\t\t\t\t\t\t\t\t<a class=\"elementor-button elementor-button-link elementor-size-sm\" href=\"https:\/\/www.udea.edu.co\/wps\/portal\/udea\/web\/inicio\/estudiar-udea\/quiero-estudiar-udea\/posgrado\">\n\t\t\t\t\t\t<span class=\"elementor-button-content-wrapper\">\n\t\t\t\t\t\t\t\t\t<span class=\"elementor-button-text\">Ver m\u00e1s<\/span>\n\t\t\t\t\t<\/span>\n\t\t\t\t\t<\/a>\n\t\t\t\t\t\t\t\t<\/div>\n\t\t\t\t<\/div>\n\t\t\t\t<\/div>\n\t\t<div class=\"elementor-element elementor-element-7906451 e-con-full e-flex e-con e-child\" data-id=\"7906451\" data-element_type=\"container\" data-e-type=\"container\">\n\t\t\t\t<div class=\"elementor-element elementor-element-965ce57 elementor-widget elementor-widget-image\" data-id=\"965ce57\" data-element_type=\"widget\" data-e-type=\"widget\" data-widget_type=\"image.default\">\n\t\t\t\t\t\t\t\t\t\t\t\t\t\t\t<img loading=\"lazy\" decoding=\"async\" width=\"417\" height=\"406\" src=\"https:\/\/testudearroba.udea.edu.co\/home\/wp-content\/uploads\/2026\/04\/FotosSitio-08.png\" class=\"attachment-large size-large wp-image-3472\" alt=\"\" srcset=\"https:\/\/testudearroba.udea.edu.co\/home\/wp-content\/uploads\/2026\/04\/FotosSitio-08.png 417w, https:\/\/testudearroba.udea.edu.co\/home\/wp-content\/uploads\/2026\/04\/FotosSitio-08-300x292.png 300w\" sizes=\"(max-width: 417px) 100vw, 417px\" \/>\t\t\t\t\t\t\t\t\t\t\t\t\t\t\t<\/div>\n\t\t<div class=\"elementor-element elementor-element-1056604 e-con-full e-flex e-con e-child\" data-id=\"1056604\" data-element_type=\"container\" data-e-type=\"container\">\n\t\t\t\t<div class=\"elementor-element elementor-element-fdb98ef elementor-widget elementor-widget-heading\" data-id=\"fdb98ef\" data-element_type=\"widget\" data-e-type=\"widget\" data-widget_type=\"heading.default\">\n\t\t\t\t\t<h3 class=\"elementor-heading-title elementor-size-default\">Cursos de extensi\u00f3n<\/h3>\t\t\t\t<\/div>\n\t\t\t\t<div class=\"elementor-element elementor-element-2631699 elementor-widget elementor-widget-text-editor\" data-id=\"2631699\" data-element_type=\"widget\" data-e-type=\"widget\" data-widget_type=\"text-editor.default\">\n\t\t\t\t\t\t\t\t\t<p>Actualiza tus conocimientos y fortalece tus habilidades con nuestra oferta de educaci\u00f3n continua en modalidad virtual. Encuentra cursos y diplomados flexibles, pensados para responder a los retos del mundo actual. Estudia desde donde est\u00e9s, con contenidos de alta calidad.<\/p><p>Explora aqu\u00ed todas las opciones disponibles y elige la que se ajusta a tus intereses.<\/p>\t\t\t\t\t\t\t\t<\/div>\n\t\t\t\t<div class=\"elementor-element elementor-element-3881182 elementor-widget elementor-widget-button\" data-id=\"3881182\" data-element_type=\"widget\" data-e-type=\"widget\" data-widget_type=\"button.default\">\n\t\t\t\t\t\t\t\t\t\t<a class=\"elementor-button elementor-button-link elementor-size-sm\" href=\"https:\/\/www.udea.edu.co\/wps\/portal\/udea\/web\/inicio\/extension\">\n\t\t\t\t\t\t<span class=\"elementor-button-content-wrapper\">\n\t\t\t\t\t\t\t\t\t<span class=\"elementor-button-text\">Ver m\u00e1s<\/span>\n\t\t\t\t\t<\/span>\n\t\t\t\t\t<\/a>\n\t\t\t\t\t\t\t\t<\/div>\n\t\t\t\t<\/div>\n\t\t\t\t<\/div>\n\t\t\t\t\t<\/div>\n\t\t\t\t<\/div>\n\t\t\t\t<\/div>\n\t\t","protected":false},"excerpt":{"rendered":"<p>Aspirantes \u00a1Hola! Si est\u00e1s pensando en estudiar en la Universidad de Antioquia, aqu\u00ed en Ude@ Educaci\u00f3n Virtual te acompa\u00f1amos desde el comienzo. En esta secci\u00f3n, puedes encontrar cursos, recursos y estrategias pensadas para prepararte en distintas \u00e1reas del saber. Tambi\u00e9n, podr\u00e1s conocer la oferta acad\u00e9mica y los requisitos de ingreso que har\u00e1n que tu camino [&hellip;]<\/p>\n","protected":false},"author":3,"featured_media":0,"parent":0,"menu_order":0,"comment_status":"closed","ping_status":"closed","template":"elementor_theme","meta":{"footnotes":""},"class_list":["post-1752","page","type-page","status-publish","hentry"],"_links":{"self":[{"href":"https:\/\/testudearroba.udea.edu.co\/home\/wp-json\/wp\/v2\/pages\/1752","targetHints":{"allow":["GET"]}}],"collection":[{"href":"https:\/\/testudearroba.udea.edu.co\/home\/wp-json\/wp\/v2\/pages"}],"about":[{"href":"https:\/\/testudearroba.udea.edu.co\/home\/wp-json\/wp\/v2\/types\/page"}],"author":[{"embeddable":true,"href":"https:\/\/testudearroba.udea.edu.co\/home\/wp-json\/wp\/v2\/users\/3"}],"replies":[{"embeddable":true,"href":"https:\/\/testudearroba.udea.edu.co\/home\/wp-json\/wp\/v2\/comments?post=1752"}],"version-history":[{"count":103,"href":"https:\/\/testudearroba.udea.edu.co\/home\/wp-json\/wp\/v2\/pages\/1752\/revisions"}],"predecessor-version":[{"id":3649,"href":"https:\/\/testudearroba.udea.edu.co\/home\/wp-json\/wp\/v2\/pages\/1752\/revisions\/3649"}],"wp:attachment":[{"href":"https:\/\/testudearroba.udea.edu.co\/home\/wp-json\/wp\/v2\/media?parent=1752"}],"curies":[{"name":"wp","href":"https:\/\/api.w.org\/{rel}","templated":true}]}}