{"id":2331,"date":"2026-02-27T18:46:04","date_gmt":"2026-02-27T23:46:04","guid":{"rendered":"https:\/\/testudearroba.udea.edu.co\/home\/?page_id=2331"},"modified":"2026-03-24T13:33:54","modified_gmt":"2026-03-24T18:33:54","slug":"investigadores","status":"publish","type":"page","link":"https:\/\/testudearroba.udea.edu.co\/home\/investigadores\/","title":{"rendered":"Investigadores"},"content":{"rendered":"\t\t<div data-elementor-type=\"wp-page\" data-elementor-id=\"2331\" class=\"elementor elementor-2331\">\n\t\t\t\t<div class=\"elementor-element elementor-element-a45838d e-flex e-con-boxed e-con e-parent\" data-id=\"a45838d\" data-element_type=\"container\" data-e-type=\"container\">\n\t\t\t\t\t<div class=\"e-con-inner\">\n\t\t<div class=\"elementor-element elementor-element-344ace1 e-con-full e-flex e-con e-child\" data-id=\"344ace1\" data-element_type=\"container\" data-e-type=\"container\">\n\t\t\t\t<div class=\"elementor-element elementor-element-38d174f elementor-widget elementor-widget-heading\" data-id=\"38d174f\" data-element_type=\"widget\" data-e-type=\"widget\" data-widget_type=\"heading.default\">\n\t\t\t\t\t<h1 class=\"elementor-heading-title elementor-size-default\">Investigadores<\/h1>\t\t\t\t<\/div>\n\t\t\t\t<div class=\"elementor-element elementor-element-fe1d603 elementor-widget elementor-widget-text-editor\" data-id=\"fe1d603\" data-element_type=\"widget\" data-e-type=\"widget\" data-widget_type=\"text-editor.default\">\n\t\t\t\t\t\t\t\t\t<p>En Ude@ de la Vicerrector\u00eda de Docencia de la Universidad de Antioquia queremos ser tu aliado en la creaci\u00f3n, difusi\u00f3n y apropiaci\u00f3n del conocimiento.<\/p><p>Ponemos a tu disposici\u00f3n herramientas y recursos digitales que facilitan los procesos de investigaci\u00f3n, as\u00ed como espacios para la interacci\u00f3n y el intercambio de ideas entre investigadores.<\/p><p>Adem\u00e1s, impulsamos convocatorias y proyectos que apoyan las iniciativas de investigaci\u00f3n de profesores, grupos y unidades acad\u00e9micas, fortaleciendo la innovaci\u00f3n y el impacto de la producci\u00f3n cient\u00edfica de la Universidad.<\/p>\t\t\t\t\t\t\t\t<\/div>\n\t\t\t\t<\/div>\n\t\t\t\t<div class=\"elementor-element elementor-element-4d8e2f7 elementor-widget elementor-widget-image\" data-id=\"4d8e2f7\" data-element_type=\"widget\" data-e-type=\"widget\" data-widget_type=\"image.default\">\n\t\t\t\t\t\t\t\t\t\t\t\t\t\t\t<img fetchpriority=\"high\" decoding=\"async\" width=\"768\" height=\"513\" src=\"https:\/\/testudearroba.udea.edu.co\/home\/wp-content\/uploads\/2023\/05\/DSC8598-1024x684-qcbRag-768x513.jpg\" class=\"attachment-medium_large size-medium_large wp-image-270\" alt=\"\" srcset=\"https:\/\/testudearroba.udea.edu.co\/home\/wp-content\/uploads\/2023\/05\/DSC8598-1024x684-qcbRag-768x513.jpg 768w, https:\/\/testudearroba.udea.edu.co\/home\/wp-content\/uploads\/2023\/05\/DSC8598-1024x684-qcbRag-300x200.jpg 300w, https:\/\/testudearroba.udea.edu.co\/home\/wp-content\/uploads\/2023\/05\/DSC8598-1024x684-qcbRag.jpg 1024w\" sizes=\"(max-width: 768px) 100vw, 768px\" \/>\t\t\t\t\t\t\t\t\t\t\t\t\t\t\t<\/div>\n\t\t\t\t\t<\/div>\n\t\t\t\t<\/div>\n\t\t<div class=\"elementor-element elementor-element-6b550ea e-flex e-con-boxed e-con e-parent\" data-id=\"6b550ea\" data-element_type=\"container\" data-e-type=\"container\">\n\t\t\t\t\t<div class=\"e-con-inner\">\n\t\t\t\t<div class=\"elementor-element elementor-element-49126ec elementor-widget elementor-widget-n-accordion\" data-id=\"49126ec\" data-element_type=\"widget\" data-e-type=\"widget\" data-settings=\"{&quot;default_state&quot;:&quot;all_collapsed&quot;,&quot;max_items_expended&quot;:&quot;one&quot;,&quot;n_accordion_animation_duration&quot;:{&quot;unit&quot;:&quot;ms&quot;,&quot;size&quot;:400,&quot;sizes&quot;:[]}}\" data-widget_type=\"nested-accordion.default\">\n\t\t\t\t\t\t\t<div class=\"e-n-accordion\" aria-label=\"Accordion. Open links with Enter or Space, close with Escape, and navigate with Arrow Keys\">\n\t\t\t\t\t\t<details id=\"e-n-accordion-item-7660\" class=\"e-n-accordion-item\" >\n\t\t\t\t<summary class=\"e-n-accordion-item-title\" data-accordion-index=\"1\" tabindex=\"0\" aria-expanded=\"false\" aria-controls=\"e-n-accordion-item-7660\" >\n\t\t\t\t\t<span class='e-n-accordion-item-title-header'><h4 class=\"e-n-accordion-item-title-text\"> Programa de Convocatorias de la Vicerrector\u00eda de Docencia <\/h4><\/span>\n\t\t\t\t\t\t\t<span class='e-n-accordion-item-title-icon'>\n\t\t\t<span class='e-opened' ><svg aria-hidden=\"true\" class=\"e-font-icon-svg e-fas-arrow-up\" viewBox=\"0 0 448 512\" xmlns=\"http:\/\/www.w3.org\/2000\/svg\"><path d=\"M34.9 289.5l-22.2-22.2c-9.4-9.4-9.4-24.6 0-33.9L207 39c9.4-9.4 24.6-9.4 33.9 0l194.3 194.3c9.4 9.4 9.4 24.6 0 33.9L413 289.4c-9.5 9.5-25 9.3-34.3-.4L264 168.6V456c0 13.3-10.7 24-24 24h-32c-13.3 0-24-10.7-24-24V168.6L69.2 289.1c-9.3 9.8-24.8 10-34.3.4z\"><\/path><\/svg><\/span>\n\t\t\t<span class='e-closed'><svg aria-hidden=\"true\" class=\"e-font-icon-svg e-fas-arrow-down\" viewBox=\"0 0 448 512\" xmlns=\"http:\/\/www.w3.org\/2000\/svg\"><path d=\"M413.1 222.5l22.2 22.2c9.4 9.4 9.4 24.6 0 33.9L241 473c-9.4 9.4-24.6 9.4-33.9 0L12.7 278.6c-9.4-9.4-9.4-24.6 0-33.9l22.2-22.2c9.5-9.5 25-9.3 34.3.4L184 343.4V56c0-13.3 10.7-24 24-24h32c13.3 0 24 10.7 24 24v287.4l114.8-120.5c9.3-9.8 24.8-10 34.3-.4z\"><\/path><\/svg><\/span>\n\t\t<\/span>\n\n\t\t\t\t\t\t<\/summary>\n\t\t\t\t<div role=\"region\" aria-labelledby=\"e-n-accordion-item-7660\" class=\"elementor-element elementor-element-b93e583 e-con-full e-flex e-con e-child\" data-id=\"b93e583\" data-element_type=\"container\" data-e-type=\"container\">\n\t\t<div role=\"region\" aria-labelledby=\"e-n-accordion-item-7660\" class=\"elementor-element elementor-element-1730538 e-con-full e-flex e-con e-child\" data-id=\"1730538\" data-element_type=\"container\" data-e-type=\"container\">\n\t\t<div role=\"region\" aria-labelledby=\"e-n-accordion-item-7660\" class=\"elementor-element elementor-element-f0f6ead e-con-full e-flex e-con e-child\" data-id=\"f0f6ead\" data-element_type=\"container\" data-e-type=\"container\">\n\t\t\t\t<div class=\"elementor-element elementor-element-80d1e06 elementor-widget elementor-widget-text-editor\" data-id=\"80d1e06\" data-element_type=\"widget\" data-e-type=\"widget\" data-widget_type=\"text-editor.default\">\n\t\t\t\t\t\t\t\t\t<p>Impulsamos la investigaci\u00f3n como el motor que transforma la educaci\u00f3n superior. Nuestro Programa de Convocatorias de la Vicerrector\u00eda de Docencia es un puente para que profesores, grupos y unidades acad\u00e9micas desarrollen iniciativas sobre did\u00e1cticas innovadoras, evaluaci\u00f3n de pr\u00e1cticas y el fortalecimiento de los ejes misionales a trav\u00e9s de las TIC.<\/p><p>Al estimular la indagaci\u00f3n y compartir estos hallazgos con la comunidad universitaria, no solo generamos nuevo conocimiento, sino que facilitamos su apropiaci\u00f3n y aplicaci\u00f3n real en nuestro contexto.<\/p>\t\t\t\t\t\t\t\t<\/div>\n\t\t\t\t<div class=\"elementor-element elementor-element-7b9ec42 elementor-widget elementor-widget-button\" data-id=\"7b9ec42\" data-element_type=\"widget\" data-e-type=\"widget\" data-widget_type=\"button.default\">\n\t\t\t\t\t\t\t\t\t\t<a class=\"elementor-button elementor-button-link elementor-size-sm\" href=\"#\">\n\t\t\t\t\t\t<span class=\"elementor-button-content-wrapper\">\n\t\t\t\t\t\t\t\t\t<span class=\"elementor-button-text\">Ver m\u00e1s<\/span>\n\t\t\t\t\t<\/span>\n\t\t\t\t\t<\/a>\n\t\t\t\t\t\t\t\t<\/div>\n\t\t\t\t<\/div>\n\t\t\t\t<div class=\"elementor-element elementor-element-31d9a18 elementor-widget elementor-widget-image\" data-id=\"31d9a18\" data-element_type=\"widget\" data-e-type=\"widget\" data-widget_type=\"image.default\">\n\t\t\t\t\t\t\t\t\t\t\t\t\t\t\t<img decoding=\"async\" width=\"1024\" height=\"684\" src=\"https:\/\/testudearroba.udea.edu.co\/home\/wp-content\/uploads\/2026\/02\/DSC8598-1024x684-7.jpg\" class=\"attachment-large size-large wp-image-1388\" alt=\"\" srcset=\"https:\/\/testudearroba.udea.edu.co\/home\/wp-content\/uploads\/2026\/02\/DSC8598-1024x684-7.jpg 1024w, https:\/\/testudearroba.udea.edu.co\/home\/wp-content\/uploads\/2026\/02\/DSC8598-1024x684-7-300x200.jpg 300w, https:\/\/testudearroba.udea.edu.co\/home\/wp-content\/uploads\/2026\/02\/DSC8598-1024x684-7-768x513.jpg 768w\" sizes=\"(max-width: 1024px) 100vw, 1024px\" \/>\t\t\t\t\t\t\t\t\t\t\t\t\t\t\t<\/div>\n\t\t\t\t<\/div>\n\t\t\t\t<\/div>\n\t\t\t\t\t<\/details>\n\t\t\t\t\t<\/div>\n\t\t\t\t\t\t<\/div>\n\t\t\t\t\t<\/div>\n\t\t\t\t<\/div>\n\t\t\t\t<\/div>\n\t\t","protected":false},"excerpt":{"rendered":"<p>Investigadores En Ude@ de la Vicerrector\u00eda de Docencia de la Universidad de Antioquia queremos ser tu aliado en la creaci\u00f3n, difusi\u00f3n y apropiaci\u00f3n del conocimiento. Ponemos a tu disposici\u00f3n herramientas y recursos digitales que facilitan los procesos de investigaci\u00f3n, as\u00ed como espacios para la interacci\u00f3n y el intercambio de ideas entre investigadores. Adem\u00e1s, impulsamos convocatorias [&hellip;]<\/p>\n","protected":false},"author":3,"featured_media":0,"parent":0,"menu_order":0,"comment_status":"closed","ping_status":"closed","template":"elementor_theme","meta":{"footnotes":""},"class_list":["post-2331","page","type-page","status-publish","hentry"],"_links":{"self":[{"href":"https:\/\/testudearroba.udea.edu.co\/home\/wp-json\/wp\/v2\/pages\/2331","targetHints":{"allow":["GET"]}}],"collection":[{"href":"https:\/\/testudearroba.udea.edu.co\/home\/wp-json\/wp\/v2\/pages"}],"about":[{"href":"https:\/\/testudearroba.udea.edu.co\/home\/wp-json\/wp\/v2\/types\/page"}],"author":[{"embeddable":true,"href":"https:\/\/testudearroba.udea.edu.co\/home\/wp-json\/wp\/v2\/users\/3"}],"replies":[{"embeddable":true,"href":"https:\/\/testudearroba.udea.edu.co\/home\/wp-json\/wp\/v2\/comments?post=2331"}],"version-history":[{"count":31,"href":"https:\/\/testudearroba.udea.edu.co\/home\/wp-json\/wp\/v2\/pages\/2331\/revisions"}],"predecessor-version":[{"id":3111,"href":"https:\/\/testudearroba.udea.edu.co\/home\/wp-json\/wp\/v2\/pages\/2331\/revisions\/3111"}],"wp:attachment":[{"href":"https:\/\/testudearroba.udea.edu.co\/home\/wp-json\/wp\/v2\/media?parent=2331"}],"curies":[{"name":"wp","href":"https:\/\/api.w.org\/{rel}","templated":true}]}}