{"id":2364,"date":"2026-02-27T18:59:09","date_gmt":"2026-02-27T23:59:09","guid":{"rendered":"https:\/\/testudearroba.udea.edu.co\/home\/?page_id=2364"},"modified":"2026-03-24T13:33:32","modified_gmt":"2026-03-24T18:33:32","slug":"egresados","status":"publish","type":"page","link":"https:\/\/testudearroba.udea.edu.co\/home\/egresados\/","title":{"rendered":"Egresados"},"content":{"rendered":"\t\t<div data-elementor-type=\"wp-page\" data-elementor-id=\"2364\" class=\"elementor elementor-2364\">\n\t\t\t\t<div class=\"elementor-element elementor-element-101f852 e-flex e-con-boxed e-con e-parent\" data-id=\"101f852\" data-element_type=\"container\" data-e-type=\"container\">\n\t\t\t\t\t<div class=\"e-con-inner\">\n\t\t<div class=\"elementor-element elementor-element-a4c13f3 e-con-full e-flex e-con e-child\" data-id=\"a4c13f3\" data-element_type=\"container\" data-e-type=\"container\">\n\t\t\t\t<div class=\"elementor-element elementor-element-92e90ff elementor-widget elementor-widget-heading\" data-id=\"92e90ff\" data-element_type=\"widget\" data-e-type=\"widget\" data-widget_type=\"heading.default\">\n\t\t\t\t\t<h1 class=\"elementor-heading-title elementor-size-default\">Egresados<\/h1>\t\t\t\t<\/div>\n\t\t\t\t<div class=\"elementor-element elementor-element-9c9ec65 elementor-widget elementor-widget-text-editor\" data-id=\"9c9ec65\" data-element_type=\"widget\" data-e-type=\"widget\" data-widget_type=\"text-editor.default\">\n\t\t\t\t\t\t\t\t\t<p>En Ude@ de la Vicerrector\u00eda de Docencia de la Universidad de Antioquia queremos seguir siendo parte de tu camino, acompa\u00f1ando tu desarrollo profesional y personal m\u00e1s all\u00e1 de la vida universitaria.<\/p><p>Hemos dise\u00f1ado estrategias, cursos y encuentros que te permitir\u00e1n fortalecer tus competencias y mantenerte actualizado en un mundo en constante transformaci\u00f3n. Con nuestros espacios de aprendizaje flexibles, podr\u00e1s seguir creciendo y conect\u00e1ndote con tu Alma M\u00e1ter.<\/p><p>\u00a1Regresa, actual\u00edzate y proyecta tu futuro con nosotros!<\/p>\t\t\t\t\t\t\t\t<\/div>\n\t\t\t\t<\/div>\n\t\t\t\t<div class=\"elementor-element elementor-element-e481c34 elementor-widget elementor-widget-image\" data-id=\"e481c34\" data-element_type=\"widget\" data-e-type=\"widget\" data-widget_type=\"image.default\">\n\t\t\t\t\t\t\t\t\t\t\t\t\t\t\t<img fetchpriority=\"high\" decoding=\"async\" width=\"768\" height=\"513\" src=\"https:\/\/testudearroba.udea.edu.co\/home\/wp-content\/uploads\/2023\/05\/DSC8598-1024x684-qcbRag-768x513.jpg\" class=\"attachment-medium_large size-medium_large wp-image-270\" alt=\"\" srcset=\"https:\/\/testudearroba.udea.edu.co\/home\/wp-content\/uploads\/2023\/05\/DSC8598-1024x684-qcbRag-768x513.jpg 768w, https:\/\/testudearroba.udea.edu.co\/home\/wp-content\/uploads\/2023\/05\/DSC8598-1024x684-qcbRag-300x200.jpg 300w, https:\/\/testudearroba.udea.edu.co\/home\/wp-content\/uploads\/2023\/05\/DSC8598-1024x684-qcbRag.jpg 1024w\" sizes=\"(max-width: 768px) 100vw, 768px\" \/>\t\t\t\t\t\t\t\t\t\t\t\t\t\t\t<\/div>\n\t\t\t\t\t<\/div>\n\t\t\t\t<\/div>\n\t\t<div class=\"elementor-element elementor-element-b7de4cd e-flex e-con-boxed e-con e-parent\" data-id=\"b7de4cd\" data-element_type=\"container\" data-e-type=\"container\">\n\t\t\t\t\t<div class=\"e-con-inner\">\n\t\t\t\t<div class=\"elementor-element elementor-element-e68fb72 elementor-widget elementor-widget-heading\" data-id=\"e68fb72\" data-element_type=\"widget\" data-e-type=\"widget\" data-widget_type=\"heading.default\">\n\t\t\t\t\t<h2 class=\"elementor-heading-title elementor-size-default\">Conoce nuestras estrategias<\/h2>\t\t\t\t<\/div>\n\t\t\t\t<div class=\"elementor-element elementor-element-6feaa48 elementor-widget elementor-widget-shortcode\" data-id=\"6feaa48\" data-element_type=\"widget\" data-e-type=\"widget\" data-widget_type=\"shortcode.default\">\n\t\t\t\t\t\t\t<div class=\"elementor-shortcode\"><div class=\"carousel-slider-outer carousel-slider-outer-image-carousel carousel-slider-outer-238\" style=\"--carousel-slider-nav-color:#f1f1f1;--carousel-slider-active-nav-color:#00d1b2;--carousel-slider-arrow-size:48px;--carousel-slider-bullet-size:10px\">\n<div id=\"&#039;id-238\" class=\"carousel-slider carousel-slider-238 arrows-visibility-always dots-visibility-never arrows-outside dots-center dots-circle owl-carousel\" data-slide-type=\"image-carousel\" data-owl-settings='{\"nav\":true,\"dots\":false,\"slideBy\":1,\"stagePadding\":40,\"margin\":40,\"loop\":true,\"lazyLoad\":false,\"autoplay\":true,\"autoplayTimeout\":5000,\"autoplaySpeed\":500,\"autoplayHoverPause\":true,\"autoWidth\":false,\"responsive\":{\"300\":{\"items\":1},\"576\":{\"items\":1},\"768\":{\"items\":1},\"1024\":{\"items\":3},\"1280\":{\"items\":3},\"1536\":{\"items\":3}}}'>\n<div class=\"carousel-slider__item\">\n\t<img decoding=\"async\" width=\"800\" height=\"600\" src=\"https:\/\/testudearroba.udea.edu.co\/home\/wp-content\/uploads\/2026\/04\/Home_Estrategias_MiComunidad.png\" class=\"attachment-large size-large\" alt=\"\" srcset=\"https:\/\/testudearroba.udea.edu.co\/home\/wp-content\/uploads\/2026\/04\/Home_Estrategias_MiComunidad.png 800w, https:\/\/testudearroba.udea.edu.co\/home\/wp-content\/uploads\/2026\/04\/Home_Estrategias_MiComunidad-300x225.png 300w, https:\/\/testudearroba.udea.edu.co\/home\/wp-content\/uploads\/2026\/04\/Home_Estrategias_MiComunidad-768x576.png 768w\" sizes=\"(max-width: 800px) 100vw, 800px\" \/><\/a><\/div>\n\n<div class=\"carousel-slider__item\">\n\t<img decoding=\"async\" width=\"801\" height=\"600\" src=\"https:\/\/testudearroba.udea.edu.co\/home\/wp-content\/uploads\/2026\/04\/Home_Estrategias_Miniaturas_AprenderParche.png\" class=\"attachment-large size-large\" alt=\"\" srcset=\"https:\/\/testudearroba.udea.edu.co\/home\/wp-content\/uploads\/2026\/04\/Home_Estrategias_Miniaturas_AprenderParche.png 801w, https:\/\/testudearroba.udea.edu.co\/home\/wp-content\/uploads\/2026\/04\/Home_Estrategias_Miniaturas_AprenderParche-300x225.png 300w, https:\/\/testudearroba.udea.edu.co\/home\/wp-content\/uploads\/2026\/04\/Home_Estrategias_Miniaturas_AprenderParche-768x575.png 768w\" sizes=\"(max-width: 801px) 100vw, 801px\" \/><\/a><\/div>\n\n<div class=\"carousel-slider__item\">\n\t<img loading=\"lazy\" decoding=\"async\" width=\"800\" height=\"600\" src=\"https:\/\/testudearroba.udea.edu.co\/home\/wp-content\/uploads\/2026\/04\/Home_Estrategias_Miniaturas_Cacharreo.png\" class=\"attachment-large size-large\" alt=\"\" srcset=\"https:\/\/testudearroba.udea.edu.co\/home\/wp-content\/uploads\/2026\/04\/Home_Estrategias_Miniaturas_Cacharreo.png 800w, https:\/\/testudearroba.udea.edu.co\/home\/wp-content\/uploads\/2026\/04\/Home_Estrategias_Miniaturas_Cacharreo-300x225.png 300w, https:\/\/testudearroba.udea.edu.co\/home\/wp-content\/uploads\/2026\/04\/Home_Estrategias_Miniaturas_Cacharreo-768x576.png 768w\" sizes=\"(max-width: 800px) 100vw, 800px\" \/><\/a><\/div>\n\n<div class=\"carousel-slider__item\">\n\t<img loading=\"lazy\" decoding=\"async\" width=\"800\" height=\"600\" src=\"https:\/\/testudearroba.udea.edu.co\/home\/wp-content\/uploads\/2026\/04\/Home_Estrategias_Miniaturas_CulturaTIC.png\" class=\"attachment-large size-large\" alt=\"\" srcset=\"https:\/\/testudearroba.udea.edu.co\/home\/wp-content\/uploads\/2026\/04\/Home_Estrategias_Miniaturas_CulturaTIC.png 800w, https:\/\/testudearroba.udea.edu.co\/home\/wp-content\/uploads\/2026\/04\/Home_Estrategias_Miniaturas_CulturaTIC-300x225.png 300w, https:\/\/testudearroba.udea.edu.co\/home\/wp-content\/uploads\/2026\/04\/Home_Estrategias_Miniaturas_CulturaTIC-768x576.png 768w\" sizes=\"(max-width: 800px) 100vw, 800px\" \/><\/a><\/div>\n\n<div class=\"carousel-slider__item\">\n\t<img loading=\"lazy\" decoding=\"async\" width=\"800\" height=\"600\" src=\"https:\/\/testudearroba.udea.edu.co\/home\/wp-content\/uploads\/2026\/04\/Home_Estrategias_Miniaturas_EPQ.png\" class=\"attachment-large size-large\" alt=\"\" srcset=\"https:\/\/testudearroba.udea.edu.co\/home\/wp-content\/uploads\/2026\/04\/Home_Estrategias_Miniaturas_EPQ.png 800w, https:\/\/testudearroba.udea.edu.co\/home\/wp-content\/uploads\/2026\/04\/Home_Estrategias_Miniaturas_EPQ-300x225.png 300w, https:\/\/testudearroba.udea.edu.co\/home\/wp-content\/uploads\/2026\/04\/Home_Estrategias_Miniaturas_EPQ-768x576.png 768w\" sizes=\"(max-width: 800px) 100vw, 800px\" \/><\/a><\/div>\n\n<\/div><!-- .carousel-slider-238 -->\n<\/div><!-- .carousel-slider-outer-238 -->\n<\/div>\n\t\t\t\t\t\t<\/div>\n\t\t\t\t\t<\/div>\n\t\t\t\t<\/div>\n\t\t\t\t<\/div>\n\t\t","protected":false},"excerpt":{"rendered":"<p>Egresados En Ude@ de la Vicerrector\u00eda de Docencia de la Universidad de Antioquia queremos seguir siendo parte de tu camino, acompa\u00f1ando tu desarrollo profesional y personal m\u00e1s all\u00e1 de la vida universitaria. Hemos dise\u00f1ado estrategias, cursos y encuentros que te permitir\u00e1n fortalecer tus competencias y mantenerte actualizado en un mundo en constante transformaci\u00f3n. Con nuestros [&hellip;]<\/p>\n","protected":false},"author":3,"featured_media":0,"parent":0,"menu_order":0,"comment_status":"closed","ping_status":"closed","template":"elementor_theme","meta":{"footnotes":""},"class_list":["post-2364","page","type-page","status-publish","hentry"],"_links":{"self":[{"href":"https:\/\/testudearroba.udea.edu.co\/home\/wp-json\/wp\/v2\/pages\/2364","targetHints":{"allow":["GET"]}}],"collection":[{"href":"https:\/\/testudearroba.udea.edu.co\/home\/wp-json\/wp\/v2\/pages"}],"about":[{"href":"https:\/\/testudearroba.udea.edu.co\/home\/wp-json\/wp\/v2\/types\/page"}],"author":[{"embeddable":true,"href":"https:\/\/testudearroba.udea.edu.co\/home\/wp-json\/wp\/v2\/users\/3"}],"replies":[{"embeddable":true,"href":"https:\/\/testudearroba.udea.edu.co\/home\/wp-json\/wp\/v2\/comments?post=2364"}],"version-history":[{"count":46,"href":"https:\/\/testudearroba.udea.edu.co\/home\/wp-json\/wp\/v2\/pages\/2364\/revisions"}],"predecessor-version":[{"id":3108,"href":"https:\/\/testudearroba.udea.edu.co\/home\/wp-json\/wp\/v2\/pages\/2364\/revisions\/3108"}],"wp:attachment":[{"href":"https:\/\/testudearroba.udea.edu.co\/home\/wp-json\/wp\/v2\/media?parent=2364"}],"curies":[{"name":"wp","href":"https:\/\/api.w.org\/{rel}","templated":true}]}}