{"id":2367,"date":"2026-02-27T18:59:47","date_gmt":"2026-02-27T23:59:47","guid":{"rendered":"https:\/\/testudearroba.udea.edu.co\/home\/?page_id=2367"},"modified":"2026-03-24T13:32:40","modified_gmt":"2026-03-24T18:32:40","slug":"empleados","status":"publish","type":"page","link":"https:\/\/testudearroba.udea.edu.co\/home\/empleados\/","title":{"rendered":"Empleados"},"content":{"rendered":"\t\t<div data-elementor-type=\"wp-page\" data-elementor-id=\"2367\" class=\"elementor elementor-2367\">\n\t\t\t\t<div class=\"elementor-element elementor-element-714156b e-flex e-con-boxed e-con e-parent\" data-id=\"714156b\" data-element_type=\"container\" data-e-type=\"container\">\n\t\t\t\t\t<div class=\"e-con-inner\">\n\t\t<div class=\"elementor-element elementor-element-ce6bd11 e-con-full e-flex e-con e-child\" data-id=\"ce6bd11\" data-element_type=\"container\" data-e-type=\"container\">\n\t\t\t\t<div class=\"elementor-element elementor-element-4681156 elementor-widget elementor-widget-heading\" data-id=\"4681156\" data-element_type=\"widget\" data-e-type=\"widget\" data-widget_type=\"heading.default\">\n\t\t\t\t\t<h1 class=\"elementor-heading-title elementor-size-default\">Empleados<\/h1>\t\t\t\t<\/div>\n\t\t\t\t<div class=\"elementor-element elementor-element-6ca2dd7 elementor-widget elementor-widget-text-editor\" data-id=\"6ca2dd7\" data-element_type=\"widget\" data-e-type=\"widget\" data-widget_type=\"text-editor.default\">\n\t\t\t\t\t\t\t\t\t<p>Acompariamos a los empleados y \u00e1reas administrativas de la Universidad de Antioqu\u00eda en su camino hacia la<br \/>transformaci\u00f3n digital. No solo optimizamos procesos internos, co-creamos estrategias y contenidos<br \/>educomunicativos que humanizan el uso de las TIC, facilitando la conexi\u00f3n entre las dependencias y sus usuarios. Inspiramos nuevas formas de trabajar para conectar mejor con nuestra comunidad universitaria<\/p>\t\t\t\t\t\t\t\t<\/div>\n\t\t\t\t<\/div>\n\t\t\t\t<div class=\"elementor-element elementor-element-3580959 elementor-widget elementor-widget-image\" data-id=\"3580959\" data-element_type=\"widget\" data-e-type=\"widget\" data-widget_type=\"image.default\">\n\t\t\t\t\t\t\t\t\t\t\t\t\t\t\t<img fetchpriority=\"high\" decoding=\"async\" width=\"1024\" height=\"684\" src=\"https:\/\/testudearroba.udea.edu.co\/home\/wp-content\/uploads\/2023\/05\/DSC8598-1024x684-qcbRag.jpg\" class=\"attachment-large size-large wp-image-270\" alt=\"\" srcset=\"https:\/\/testudearroba.udea.edu.co\/home\/wp-content\/uploads\/2023\/05\/DSC8598-1024x684-qcbRag.jpg 1024w, https:\/\/testudearroba.udea.edu.co\/home\/wp-content\/uploads\/2023\/05\/DSC8598-1024x684-qcbRag-300x200.jpg 300w, https:\/\/testudearroba.udea.edu.co\/home\/wp-content\/uploads\/2023\/05\/DSC8598-1024x684-qcbRag-768x513.jpg 768w\" sizes=\"(max-width: 1024px) 100vw, 1024px\" \/>\t\t\t\t\t\t\t\t\t\t\t\t\t\t\t<\/div>\n\t\t\t\t\t<\/div>\n\t\t\t\t<\/div>\n\t\t<div class=\"elementor-element elementor-element-37c73ba e-flex e-con-boxed e-con e-parent\" data-id=\"37c73ba\" data-element_type=\"container\" data-e-type=\"container\">\n\t\t\t\t\t<div class=\"e-con-inner\">\n\t\t\t\t<div class=\"elementor-element elementor-element-11c95f7 elementor-widget elementor-widget-heading\" data-id=\"11c95f7\" data-element_type=\"widget\" data-e-type=\"widget\" data-widget_type=\"heading.default\">\n\t\t\t\t\t<h2 class=\"elementor-heading-title elementor-size-default\">Conoce nuestras estrategias<\/h2>\t\t\t\t<\/div>\n\t\t\t\t<div class=\"elementor-element elementor-element-c5c2dbd elementor-widget elementor-widget-shortcode\" data-id=\"c5c2dbd\" data-element_type=\"widget\" data-e-type=\"widget\" data-widget_type=\"shortcode.default\">\n\t\t\t\t\t\t\t<div class=\"elementor-shortcode\"><div class=\"carousel-slider-outer carousel-slider-outer-image-carousel carousel-slider-outer-238\" style=\"--carousel-slider-nav-color:#f1f1f1;--carousel-slider-active-nav-color:#00d1b2;--carousel-slider-arrow-size:48px;--carousel-slider-bullet-size:10px\">\n<div id=\"&#039;id-238\" class=\"carousel-slider carousel-slider-238 arrows-visibility-always dots-visibility-never arrows-outside dots-center dots-circle owl-carousel\" data-slide-type=\"image-carousel\" data-owl-settings='{\"nav\":true,\"dots\":false,\"slideBy\":1,\"stagePadding\":40,\"margin\":40,\"loop\":true,\"lazyLoad\":false,\"autoplay\":true,\"autoplayTimeout\":5000,\"autoplaySpeed\":500,\"autoplayHoverPause\":true,\"autoWidth\":false,\"responsive\":{\"300\":{\"items\":1},\"576\":{\"items\":1},\"768\":{\"items\":1},\"1024\":{\"items\":3},\"1280\":{\"items\":3},\"1536\":{\"items\":3}}}'>\n<div class=\"carousel-slider__item\">\n\t<img decoding=\"async\" width=\"800\" height=\"600\" src=\"https:\/\/testudearroba.udea.edu.co\/home\/wp-content\/uploads\/2026\/04\/Home_Estrategias_MiComunidad.png\" class=\"attachment-large size-large\" alt=\"\" srcset=\"https:\/\/testudearroba.udea.edu.co\/home\/wp-content\/uploads\/2026\/04\/Home_Estrategias_MiComunidad.png 800w, https:\/\/testudearroba.udea.edu.co\/home\/wp-content\/uploads\/2026\/04\/Home_Estrategias_MiComunidad-300x225.png 300w, https:\/\/testudearroba.udea.edu.co\/home\/wp-content\/uploads\/2026\/04\/Home_Estrategias_MiComunidad-768x576.png 768w\" sizes=\"(max-width: 800px) 100vw, 800px\" \/><\/a><\/div>\n\n<div class=\"carousel-slider__item\">\n\t<img decoding=\"async\" width=\"801\" height=\"600\" src=\"https:\/\/testudearroba.udea.edu.co\/home\/wp-content\/uploads\/2026\/04\/Home_Estrategias_Miniaturas_AprenderParche.png\" class=\"attachment-large size-large\" alt=\"\" srcset=\"https:\/\/testudearroba.udea.edu.co\/home\/wp-content\/uploads\/2026\/04\/Home_Estrategias_Miniaturas_AprenderParche.png 801w, https:\/\/testudearroba.udea.edu.co\/home\/wp-content\/uploads\/2026\/04\/Home_Estrategias_Miniaturas_AprenderParche-300x225.png 300w, https:\/\/testudearroba.udea.edu.co\/home\/wp-content\/uploads\/2026\/04\/Home_Estrategias_Miniaturas_AprenderParche-768x575.png 768w\" sizes=\"(max-width: 801px) 100vw, 801px\" \/><\/a><\/div>\n\n<div class=\"carousel-slider__item\">\n\t<img loading=\"lazy\" decoding=\"async\" width=\"800\" height=\"600\" src=\"https:\/\/testudearroba.udea.edu.co\/home\/wp-content\/uploads\/2026\/04\/Home_Estrategias_Miniaturas_Cacharreo.png\" class=\"attachment-large size-large\" alt=\"\" srcset=\"https:\/\/testudearroba.udea.edu.co\/home\/wp-content\/uploads\/2026\/04\/Home_Estrategias_Miniaturas_Cacharreo.png 800w, https:\/\/testudearroba.udea.edu.co\/home\/wp-content\/uploads\/2026\/04\/Home_Estrategias_Miniaturas_Cacharreo-300x225.png 300w, https:\/\/testudearroba.udea.edu.co\/home\/wp-content\/uploads\/2026\/04\/Home_Estrategias_Miniaturas_Cacharreo-768x576.png 768w\" sizes=\"(max-width: 800px) 100vw, 800px\" \/><\/a><\/div>\n\n<div class=\"carousel-slider__item\">\n\t<img loading=\"lazy\" decoding=\"async\" width=\"800\" height=\"600\" src=\"https:\/\/testudearroba.udea.edu.co\/home\/wp-content\/uploads\/2026\/04\/Home_Estrategias_Miniaturas_CulturaTIC.png\" class=\"attachment-large size-large\" alt=\"\" srcset=\"https:\/\/testudearroba.udea.edu.co\/home\/wp-content\/uploads\/2026\/04\/Home_Estrategias_Miniaturas_CulturaTIC.png 800w, https:\/\/testudearroba.udea.edu.co\/home\/wp-content\/uploads\/2026\/04\/Home_Estrategias_Miniaturas_CulturaTIC-300x225.png 300w, https:\/\/testudearroba.udea.edu.co\/home\/wp-content\/uploads\/2026\/04\/Home_Estrategias_Miniaturas_CulturaTIC-768x576.png 768w\" sizes=\"(max-width: 800px) 100vw, 800px\" \/><\/a><\/div>\n\n<div class=\"carousel-slider__item\">\n\t<img loading=\"lazy\" decoding=\"async\" width=\"800\" height=\"600\" src=\"https:\/\/testudearroba.udea.edu.co\/home\/wp-content\/uploads\/2026\/04\/Home_Estrategias_Miniaturas_EPQ.png\" class=\"attachment-large size-large\" alt=\"\" srcset=\"https:\/\/testudearroba.udea.edu.co\/home\/wp-content\/uploads\/2026\/04\/Home_Estrategias_Miniaturas_EPQ.png 800w, https:\/\/testudearroba.udea.edu.co\/home\/wp-content\/uploads\/2026\/04\/Home_Estrategias_Miniaturas_EPQ-300x225.png 300w, https:\/\/testudearroba.udea.edu.co\/home\/wp-content\/uploads\/2026\/04\/Home_Estrategias_Miniaturas_EPQ-768x576.png 768w\" sizes=\"(max-width: 800px) 100vw, 800px\" \/><\/a><\/div>\n\n<\/div><!-- .carousel-slider-238 -->\n<\/div><!-- .carousel-slider-outer-238 -->\n<\/div>\n\t\t\t\t\t\t<\/div>\n\t\t\t\t\t<\/div>\n\t\t\t\t<\/div>\n\t\t\t\t<\/div>\n\t\t","protected":false},"excerpt":{"rendered":"<p>Empleados Acompariamos a los empleados y \u00e1reas administrativas de la Universidad de Antioqu\u00eda en su camino hacia latransformaci\u00f3n digital. No solo optimizamos procesos internos, co-creamos estrategias y contenidoseducomunicativos que humanizan el uso de las TIC, facilitando la conexi\u00f3n entre las dependencias y sus usuarios. Inspiramos nuevas formas de trabajar para conectar mejor con nuestra comunidad [&hellip;]<\/p>\n","protected":false},"author":3,"featured_media":0,"parent":0,"menu_order":0,"comment_status":"closed","ping_status":"closed","template":"elementor_theme","meta":{"footnotes":""},"class_list":["post-2367","page","type-page","status-publish","hentry"],"_links":{"self":[{"href":"https:\/\/testudearroba.udea.edu.co\/home\/wp-json\/wp\/v2\/pages\/2367","targetHints":{"allow":["GET"]}}],"collection":[{"href":"https:\/\/testudearroba.udea.edu.co\/home\/wp-json\/wp\/v2\/pages"}],"about":[{"href":"https:\/\/testudearroba.udea.edu.co\/home\/wp-json\/wp\/v2\/types\/page"}],"author":[{"embeddable":true,"href":"https:\/\/testudearroba.udea.edu.co\/home\/wp-json\/wp\/v2\/users\/3"}],"replies":[{"embeddable":true,"href":"https:\/\/testudearroba.udea.edu.co\/home\/wp-json\/wp\/v2\/comments?post=2367"}],"version-history":[{"count":20,"href":"https:\/\/testudearroba.udea.edu.co\/home\/wp-json\/wp\/v2\/pages\/2367\/revisions"}],"predecessor-version":[{"id":3099,"href":"https:\/\/testudearroba.udea.edu.co\/home\/wp-json\/wp\/v2\/pages\/2367\/revisions\/3099"}],"wp:attachment":[{"href":"https:\/\/testudearroba.udea.edu.co\/home\/wp-json\/wp\/v2\/media?parent=2367"}],"curies":[{"name":"wp","href":"https:\/\/api.w.org\/{rel}","templated":true}]}}