{"id":668,"date":"2021-08-23T14:13:47","date_gmt":"2021-08-23T19:13:47","guid":{"rendered":"https:\/\/testudearroba.udea.edu.co\/micomunidad\/?page_id=668"},"modified":"2021-10-13T08:58:41","modified_gmt":"2021-10-13T13:58:41","slug":"landingpage-login_out","status":"publish","type":"page","link":"https:\/\/testudearroba.udea.edu.co\/micomunidad\/","title":{"rendered":"LandingPage login_out"},"content":{"rendered":"\t\t<div data-elementor-type=\"wp-page\" data-elementor-id=\"668\" class=\"elementor elementor-668\">\n\t\t\t\t\t\t<section class=\"elementor-section elementor-top-section elementor-element elementor-element-4e3782f elementor-section-boxed elementor-section-height-default elementor-section-height-default\" data-id=\"4e3782f\" data-element_type=\"section\" data-e-type=\"section\">\n\t\t\t\t\t\t<div class=\"elementor-container elementor-column-gap-default\">\n\t\t\t\t\t<div class=\"elementor-column elementor-col-100 elementor-top-column elementor-element elementor-element-0cdf994\" data-id=\"0cdf994\" data-element_type=\"column\" data-e-type=\"column\">\n\t\t\t<div class=\"elementor-widget-wrap elementor-element-populated\">\n\t\t\t\t\t\t<div class=\"elementor-element elementor-element-8a7d810 elementor-widget elementor-widget-html\" data-id=\"8a7d810\" data-element_type=\"widget\" data-e-type=\"widget\" data-widget_type=\"html.default\">\n\t\t\t\t<div class=\"elementor-widget-container\">\n\t\t\t\t\t\r\n <!-- CSS only -->\r\n <link\r\n   href=\"https:\/\/cdn.jsdelivr.net\/npm\/bootstrap@5.1.1\/dist\/css\/bootstrap.min.css\"\r\n   rel=\"stylesheet\"\r\n   integrity=\"sha384-F3w7mX95PdgyTmZZMECAngseQB83DfGTowi0iMjiWaeVhAn4FJkqJByhZMI3AhiU\"\r\n   crossorigin=\"anonymous\"\r\n \/>\r\n\r\n <style>\r\n   .topnav {\r\n     overflow: hidden;\r\n     width: 100%;\r\n     \/* position: absolute;\r\n     top: -9px;*\/\r\n     z-index: 1;\r\n   }\r\n\r\n   .topnav .content_header {\r\n     background-color: #f3f4f5;\r\n     width: 100%;\r\n     min-height: 97px;\r\n   }\r\n\r\n   .topnav a {\r\n     float: right;\r\n     display: block;\r\n     color: #444444;\r\n     text-align: center;\r\n     padding: 8px 16px;\r\n     text-decoration: none;\r\n     font-size: 14px;\r\n     margin-top: 2rem;\r\n   }\r\n\r\n   .topnav .logos_udearroba_header {\r\n     float: left;\r\n     display: block;\r\n     color: #444444;\r\n     text-align: center;\r\n     padding: 8px 16px;\r\n     text-decoration: none;\r\n     font-size: 17px;\r\n     margin-top: 2rem;\r\n     width: 15%;\r\n     position: absolute;\r\n     top: 0%;\r\n   }\r\n\r\n   .topnav a:hover {\r\n     background-color: #ddd;\r\n     color: black;\r\n     border-radius: 20px;\r\n   }\r\n\r\n   .topnav a.active {\r\n     background-color: #49d5bb;\r\n     border-radius: 20px;\r\n     color: white;\r\n   }\r\n\r\n   .topnav .icon {\r\n     display: none;\r\n   }\r\n\r\n   .logos_udearroba_header {\r\n     width: 20%;\r\n     margin-top: -0.1rem !important;\r\n   }\r\n\r\n   @media screen and (max-width: 600px) {\r\n     .topnav a:not(:first-child) {\r\n       display: none;\r\n     }\r\n     .topnav a.icon {\r\n       float: right;\r\n       display: block;\r\n     }\r\n   }\r\n\r\n   @media screen and (max-width: 600px) {\r\n     .topnav.responsive {\r\n       position: relative;\r\n     }\r\n     .topnav.responsive .icon {\r\n       position: absolute;\r\n       right: 0;\r\n       top: 0;\r\n     }\r\n     .topnav.responsive a {\r\n       float: none;\r\n       display: block;\r\n       text-align: left;\r\n     }\r\n   }\r\n   \/********************************************************************\/\r\n\r\n   .contenedor_general {\r\n     background-image: url(https:\/\/micomunidad.udea.edu.co\/wp-content\/uploads\/2021\/08\/MiComunidad_identidad_grafica_v7_28_07_2021-Version-2_01.-Imagen-de-fondo-1.png);\r\n     width: 100%;\r\n     background-size: cover;\r\n     background-repeat: no-repeat;\r\n     display: grid;\r\n   }\r\n\r\n   .fondo_page {\r\n     width: 100%;\r\n     position: absolute;\r\n   }\r\n\r\n   .contenedor_text {\r\n     position: relative;\r\n     top: 7rem;\r\n     left: 6rem;\r\n     \/*margin-bottom: 26rem;*\/\r\n     width: 70%;\r\n   }\r\n\r\n   .contenedor_text .title_img {\r\n     width: 46%;\r\n   }\r\n\r\n   .contenedor_text .text_page_p {\r\n     margin-left: 1rem;\r\n     width: 32%;\r\n     left: 1rem;\r\n     color: #8c8c8c;\r\n     font-family: roboto;\r\n   }\r\n\r\n   .contenedor_text .logo_micomunidad {\r\n     width: 30%;\r\n     margin-left: 3rem;\r\n   }\r\n   @media (min-width: 920px) {\r\n     .contenedor_text .text_page_p {\r\n       margin-left: 1rem;\r\n     }\r\n     \/*\r\n.seccion_page_initial{\r\n     margin-top: -10rem;\r\n}*\/\r\n   }\r\n\r\n   @media (min-width: 1400px) {\r\n     .contenedor_text .text_page_p {\r\n       margin-left: 2rem;\r\n       font-size: 25px;\r\n       width: 42%;\r\n     }\r\n   }\r\n\r\n   @media (min-width: 1600px) {\r\n     #footer {\r\n       top: 32px;\r\n     }\r\n   }\r\n\r\n   @media (min-width: 1000px) and (max-width: 1600px) {\r\n     #footer {\r\n       top: 32px;\r\n     }\r\n   }\r\n\r\n   @media (max-width: 1000px) {\r\n     .contenedor_general {\r\n       background-image: none;\r\n       text-align: -webkit-center;\r\n     }\r\n     .contenedor_text .text_page_p {\r\n       margin-left: 1rem;\r\n       width: 96%;\r\n       left: 1rem;\r\n       color: #8c8c8c;\r\n       font-family: roboto;\r\n     }\r\n\r\n     .footer-q {\r\n       z-index: 2;\r\n       background-image: none;\r\n       background-size: 100%;\r\n       background-position-y: center;\r\n       background-position-x: center;\r\n       background-repeat: no-repeat;\r\n       min-height: 300px;\r\n     }\r\n\r\n     .contenedor_text {\r\n       position: initial !important;\r\n       top: 0 !important;\r\n       left: 0 !important;\r\n       margin-bottom: 0 !important;\r\n       width: 100%;\r\n     }\r\n\r\n     #page_inicial {\r\n       margin-bottom: 0 !important;\r\n     }\r\n\r\n     .contenedor_footer {\r\n       margin-top: 7rem !important;\r\n       background-color: #e7e7e7;\r\n       padding: 2rem !important;\r\n     }\r\n\r\n     .info_footer {\r\n       background-color: #f3f4f5;\r\n       margin-top: -13px !important;\r\n       display: flex !important;\r\n       padding-bottom: 2rem;\r\n       flex-wrap: wrap;\r\n       justify-content: center;\r\n       text-align: center;\r\n     }\r\n\r\n     .contenedor_text .title_img {\r\n       width: 82%;\r\n     }\r\n\r\n     .img_postResponsive {\r\n       display: block !important;\r\n       width: 70%;\r\n     }\r\n\r\n     .topnav a {\r\n       margin-top: 1rem !important;\r\n     }\r\n\r\n     .logos_udearroba_header {\r\n       display: none !important;\r\n     }\r\n     .info_footer {\r\n       text-align: center !important;\r\n     }\r\n     .info_footer p {\r\n       margin: 0 !important;\r\n     }\r\n     .info_footer div {\r\n       margin-top: 1rem;\r\n     }\r\n     .logos_udearroba {\r\n       width: 100% !important;\r\n     }\r\n     #footer {\r\n       position: relative;\r\n       top: 135px;\r\n     }\r\n   }\r\n\r\n   #footer {\r\n     position: relative;\r\n   }\r\n\r\n   .info_footer {\r\n     background-color: #f3f4f5;\r\n     margin-top: -34px;\r\n     display: grid;\r\n     grid-template-columns: 35% 15% 25% 25%;\r\n     padding-bottom: 2rem;\r\n   }\r\n\r\n   .logos_udearroba {\r\n     width: 80%;\r\n   }\r\n\r\n   .enlaces_udearroba {\r\n     text-decoration: none;\r\n     color: #747373;\r\n     font-family: roboto;\r\n     font-size: 14px !important;\r\n   }\r\n\r\n   .titulos_enlaces {\r\n     color: #444444;\r\n     font-weight: 900;\r\n     font-family: roboto;\r\n     font-size: 15px;\r\n   }\r\n\r\n   .img_postResponsive {\r\n     display: none;\r\n   }\r\n   \/*\r\n.seccion_page_initial{\r\n     margin-top: -20rem;\r\n}*\/\r\n\r\n   \/*FOOTER*\/\r\n\r\n   .footer-q {\r\n     z-index: 2;\r\n     background-image: url(\"https:\/\/udearroba.udea.edu.co\/externos\/inicio\/assets\/img\/seccion_footer.png\");\r\n     background-size: 100%;\r\n     background-position-y: center;\r\n     background-position-x: center;\r\n     background-repeat: no-repeat;\r\n     min-height: 300px;\r\n   }\r\n\r\n   .contenedor_footer {\r\n     padding-top: 15rem;\r\n   }\r\n   \r\n   \r\n   .elementor-column-gap-default>.elementor-column>.elementor-element-populated {\r\n padding: 0;\r\n}\r\n <\/style>\r\n\r\n<div class=\"contenedor_general\">\r\n   <div class=\"topnav\" id=\"myTopnav\">\r\n     <div class=\"content_header\">\r\n       <img decoding=\"async\"\r\n         class=\"logos_udearroba_header\"\r\n         src=\"https:\/\/micomunidad.udea.edu.co\/wp-content\/uploads\/2021\/08\/Landing-1_para-Tecnologia_06_05_2021_28-Logo-Ude@-footer.png\"\r\n         alt=\"\"\r\n       \/>\r\n\r\n       <a\r\n         id=\"actividad\"\r\n         href=\"https:\/\/micomunidad.udea.edu.co\/actividad\/\"\r\n         >Actividad<\/a\r\n       >\r\n\r\n       <a id=\"login_sesion\" href=\"wp-login.php\" class=\"active\"\r\n         >Iniciar sesi\u00f3n<\/a\r\n       >\r\n       <a href=\"https:\/\/micomunidad.udea.edu.co\/preguntas-frecuentes\/\">Preguntas frecuentes<\/a>\r\n\r\n       <a\r\n         href=\"https:\/\/micomunidad.udea.edu.co\/crearcomunidad\/\"\r\n         >Crear comunidad<\/a\r\n       >\r\n\r\n       <a href=\"https:\/\/micomunidad.udea.edu.co\/lineamientos\"\r\n         >Pol\u00edticas de uso<\/a\r\n       >\r\n\r\n       <a\r\n         href=\"https:\/\/micomunidad.udea.edu.co\/sobre-mi-comunidad\"\r\n         >Mi comunidad<\/a\r\n       >\r\n       <a href=\"https:\/\/micomunidad.udea.edu.co\/\">Inicio<\/a>\r\n       <a href=\"javascript:void(0);\" class=\"icon\" onclick=\"myFunction()\">\r\n         <i class=\"fa fa-bars\"><\/i>\r\n       <\/a>\r\n     <\/div>\r\n\r\n     <div>\r\n       <img decoding=\"async\"\r\n         src=\"https:\/\/micomunidad.udea.edu.co\/wp-content\/uploads\/2021\/09\/linea_header_micomunidad.png\"\r\n         alt=\"\"\r\n         width=\"100%\"\r\n       \/>\r\n     <\/div>\r\n   <\/div>\r\n\r\n   <section class=\"seccion_page_initial\">\r\n     <div class=\"contenedor_text\" id=\"page_inicial\">\r\n       <img decoding=\"async\"\r\n         class=\"title_img\"\r\n         src=\"https:\/\/micomunidad.udea.edu.co\/wp-content\/uploads\/2021\/09\/MiComunidad_identidad_grafica_v7_28_07_2021-Version-2_04.-Titulo-1.png\"\r\n         alt=\"\"\r\n       \/>\r\n       <p class=\"text_page_p\">\r\n         Un espacio donde podr\u00e1s conformar y dinamizar comunidades virtuales\r\n         de aprendizaje.\r\n       <\/p>\r\n\r\n       <img decoding=\"async\"\r\n         src=\"https:\/\/micomunidad.udea.edu.co\/wp-content\/uploads\/2021\/09\/Seccion_Mi-Comunidad-para-tecnologia-11.png\"\r\n         alt=\"\"\r\n         class=\"logo_micomunidad\"\r\n       \/>\r\n\r\n       <img decoding=\"async\"\r\n         class=\"img_postResponsive\"\r\n         src=\"https:\/\/micomunidad.udea.edu.co\/wp-content\/uploads\/2021\/08\/persona_sentada.png\"\r\n         alt=\"\"\r\n       \/>\r\n     <\/div>\r\n   <\/section>\r\n\r\n   <footer class=\"text-muted\" id=\"footer\">\r\n     <!-- Section: Links  -->\r\n     <section class=\"footer-q\">\r\n       <div class=\"container-fluid\">\r\n         <!-- Grid row -->\r\n         <div class=\"row mt-3 contenedor_footer\">\r\n           <!-- Grid column -->\r\n           <div class=\"col-md-3 text_footer px-5\">\r\n             <!-- Content -->\r\n             <a href=\"https:\/\/udearroba.udea.edu.co\" target=\"_blank\">\r\n               <img decoding=\"async\"\r\n                 src=\"https:\/\/udearroba.udea.edu.co\/externos\/inicio\/assets\/img\/logo_udearroba.png\"\r\n                 alt=\"\"\r\n                 class=\"img-fluid\"\r\n                 width=\"210px\"\r\n                 height=\"250px\"\r\n               \/>\r\n             <\/a>\r\n             <p>\r\n               <span class=\"font-weight-bold\">Contacto: <\/span\r\n               >serviciosude@udea.edu.co <br \/>\r\n               <span\r\n                 >Calle 67 #53-108 - Bloque 22, oficina 226<br \/>\r\n                 Medell\u00edn (Antioquia) - Colombia<\/span\r\n               >\r\n               <br \/>\r\n               <span\r\n                 ><i class=\"fas fa-phone-square-alt\"><\/i> +57 (4) 219\r\n                 8111<\/span\r\n               >\r\n             <\/p>\r\n           <\/div>\r\n           <!-- Grid column -->\r\n\r\n           <!-- Grid column -->\r\n           <div class=\"col-md-3 text_footer2 px-5\">\r\n             <!-- Links -->\r\n             <h6 class=\"text-uppercase font-weight-bold mt-5\">\r\n               Plataformas\r\n             <\/h6>\r\n             <p>\r\n               <a\r\n                 href=\"https:\/\/udearroba.udea.edu.co\/internos\"\r\n                 class=\"text-reset\"\r\n                 >Internos<\/a\r\n               >\r\n             <\/p>\r\n           <\/div>\r\n           <!-- Grid column -->\r\n\r\n           <!-- Grid column -->\r\n           <div class=\"col-md-3 text_footer2 px-5\">\r\n             <!-- Links -->\r\n             <h6 class=\"text-uppercase font-weight-bold mt-5\">\r\n               RECURSOS Y HERRAMIENTAS\r\n             <\/h6>\r\n             <p>\r\n               <a\r\n                 href=\"https:\/\/appudearroba.udea.edu.co\/zoom-backup\/#\/\"\r\n                 class=\"text-reset\"\r\n                 >Grabaciones de mis clases<\/a\r\n               ><br \/>\r\n               <a href=\"https:\/\/boa.udea.edu.co\" class=\"text-reset\"\r\n                 >Banco de Objetos para el Aprendizaje<\/a\r\n               >\r\n             <\/p>\r\n           <\/div>\r\n           <!-- Grid column -->\r\n\r\n           <!-- Grid column -->\r\n           <div class=\"col-md-3 text_footer2 px-5\">\r\n             <a href=\"https:\/\/udea.edu.co\" target=\"_blank\">\r\n               <img decoding=\"async\"\r\n                 src=\"https:\/\/udearroba.udea.edu.co\/externos\/inicio\/assets\/img\/logo_udea.png\"\r\n                 class=\"img-fluid mt-3\"\r\n                 alt=\"\"\r\n                 width=\"280px\"\r\n                 height=\"250px\"\r\n               \/>\r\n             <\/a>\r\n           <\/div>\r\n           <!-- Grid column -->\r\n         <\/div>\r\n         <!-- Grid row -->\r\n       <\/div>\r\n     <\/section>\r\n     <!-- Section: Links  -->\r\n   <\/footer>\r\n <\/div>\r\n\r\n\r\n\r\n\r\n<script>\r\nfunction myFunction() {\r\nvar x = document.getElementById(\"myTopnav\");\r\nif (x.className === \"topnav\") {\r\n x.className += \" responsive\";\r\n} else {\r\n x.className = \"topnav\";\r\n}\r\n}\r\n\r\n\r\n\r\nlet ca = document.cookie;\r\n\r\nif(ca.indexOf(\"El+campo+Nombre+de+usuario\") == -1){\r\n \r\n document.getElementById('login_sesion').style.display = 'block';\r\n\r\ndocument.getElementById('actividad').style.display = 'none';\r\n  \r\n}else{\r\n  console.log(\"la cookie  esta\")\r\n  \r\n document.getElementById('login_sesion').style.display = 'none';\r\n\r\ndocument.getElementById('actividad').style.display = 'block';\r\n}\r\n\r\n\r\n\r\n\r\n<\/script>\r\n\t\t\t\t<\/div>\n\t\t\t\t<\/div>\n\t\t\t\t\t<\/div>\n\t\t<\/div>\n\t\t\t\t\t<\/div>\n\t\t<\/section>\n\t\t\t\t<\/div>\n\t\t<p>Views: 57<\/p>","protected":false},"excerpt":{"rendered":"<p>Actividad Iniciar sesi\u00f3n Preguntas frecuentes Crear comunidad Pol\u00edticas de uso Mi comunidad Inicio Un espacio donde podr\u00e1s conformar y dinamizar comunidades virtuales de aprendizaje. Contacto: serviciosude@udea.edu.co Calle 67 #53-108 &#8211; [&hellip;]<\/p>\n","protected":false},"author":1,"featured_media":0,"parent":0,"menu_order":0,"comment_status":"closed","ping_status":"closed","template":"elementor_canvas","meta":{"_bbp_topic_count":0,"_bbp_reply_count":0,"_bbp_total_topic_count":0,"_bbp_total_reply_count":0,"_bbp_voice_count":0,"_bbp_anonymous_reply_count":0,"_bbp_topic_count_hidden":0,"_bbp_reply_count_hidden":0,"_bbp_forum_subforum_count":0,"footnotes":""},"class_list":["post-668","page","type-page","status-publish","hentry"],"_links":{"self":[{"href":"https:\/\/testudearroba.udea.edu.co\/micomunidad\/wp-json\/wp\/v2\/pages\/668","targetHints":{"allow":["GET"]}}],"collection":[{"href":"https:\/\/testudearroba.udea.edu.co\/micomunidad\/wp-json\/wp\/v2\/pages"}],"about":[{"href":"https:\/\/testudearroba.udea.edu.co\/micomunidad\/wp-json\/wp\/v2\/types\/page"}],"author":[{"embeddable":true,"href":"https:\/\/testudearroba.udea.edu.co\/micomunidad\/wp-json\/wp\/v2\/users\/1"}],"replies":[{"embeddable":true,"href":"https:\/\/testudearroba.udea.edu.co\/micomunidad\/wp-json\/wp\/v2\/comments?post=668"}],"version-history":[{"count":235,"href":"https:\/\/testudearroba.udea.edu.co\/micomunidad\/wp-json\/wp\/v2\/pages\/668\/revisions"}],"predecessor-version":[{"id":1703,"href":"https:\/\/testudearroba.udea.edu.co\/micomunidad\/wp-json\/wp\/v2\/pages\/668\/revisions\/1703"}],"wp:attachment":[{"href":"https:\/\/testudearroba.udea.edu.co\/micomunidad\/wp-json\/wp\/v2\/media?parent=668"}],"curies":[{"name":"wp","href":"https:\/\/api.w.org\/{rel}","templated":true}]}}